{"id":32195,"date":"2026-03-26T13:18:59","date_gmt":"2026-03-26T13:18:59","guid":{"rendered":"https:\/\/velorack.ca\/?post_type=product&#038;p=32195"},"modified":"2026-04-29T16:50:26","modified_gmt":"2026-04-29T16:50:26","slug":"vr-horizontal-ca","status":"publish","type":"product","link":"https:\/\/velorack.ca\/fr\/produit\/vr-horizontal-ca\/","title":{"rendered":"VR-Horizontal-CA"},"content":{"rendered":"","protected":false},"excerpt":{"rendered":"<p>Support mural<\/p>\n<p>Offrez \u00e0 votre v\u00e9lo un rangement simple, \u00e9l\u00e9gant et efficace avec notre support mural pour un v\u00e9lo. Con\u00e7u en acier zingu\u00e9 et peint \u00e0 la poudre de poyester gris argent (option en noir possible), il assure une excellente solidit\u00e9 tout en conservant un design \u00e9pur\u00e9 qui s\u2019int\u00e8gre parfaitement \u00e0 tout type d\u2019espace, que ce soit dans un garage, un condo ou un commerce. Facile \u00e0 installer et peu encombrant, il permet de lib\u00e9rer de l\u2019espace au sol tout en gardant votre v\u00e9lo bien s\u00e9curis\u00e9 et accessible. Une solution durable, esth\u00e9tique et abordable pour un rangement sans compromis.<\/p>","protected":false},"featured_media":32227,"comment_status":"closed","ping_status":"closed","template":"","meta":{"_acf_changed":false},"product_brand":[],"product_cat":[142],"product_tag":[],"class_list":{"0":"post-32195","1":"product","2":"type-product","3":"status-publish","4":"has-post-thumbnail","6":"product_cat-uncategorized","9":"first","10":"instock","11":"taxable","12":"shipping-taxable","13":"product-type-simple"},"acf":[],"jetpack_sharing_enabled":true,"_links":{"self":[{"href":"https:\/\/velorack.ca\/fr\/wp-json\/wp\/v2\/product\/32195","targetHints":{"allow":["GET"]}}],"collection":[{"href":"https:\/\/velorack.ca\/fr\/wp-json\/wp\/v2\/product"}],"about":[{"href":"https:\/\/velorack.ca\/fr\/wp-json\/wp\/v2\/types\/product"}],"replies":[{"embeddable":true,"href":"https:\/\/velorack.ca\/fr\/wp-json\/wp\/v2\/comments?post=32195"}],"wp:featuredmedia":[{"embeddable":true,"href":"https:\/\/velorack.ca\/fr\/wp-json\/wp\/v2\/media\/32227"}],"wp:attachment":[{"href":"https:\/\/velorack.ca\/fr\/wp-json\/wp\/v2\/media?parent=32195"}],"wp:term":[{"taxonomy":"product_brand","embeddable":true,"href":"https:\/\/velorack.ca\/fr\/wp-json\/wp\/v2\/product_brand?post=32195"},{"taxonomy":"product_cat","embeddable":true,"href":"https:\/\/velorack.ca\/fr\/wp-json\/wp\/v2\/product_cat?post=32195"},{"taxonomy":"product_tag","embeddable":true,"href":"https:\/\/velorack.ca\/fr\/wp-json\/wp\/v2\/product_tag?post=32195"}],"curies":[{"name":"wp","href":"https:\/\/api.w.org\/{rel}","templated":true}]}}