{"id":32110,"date":"2022-09-19T16:33:03","date_gmt":"2022-09-19T16:33:03","guid":{"rendered":"https:\/\/velorack.ca\/?post_type=product&#038;p=32110"},"modified":"2026-05-04T14:00:28","modified_gmt":"2026-05-04T14:00:28","slug":"rt-9","status":"publish","type":"product","link":"https:\/\/velorack.ca\/fr\/produit\/rt-9\/","title":{"rendered":"RT-9"},"content":{"rendered":"","protected":false},"excerpt":{"rendered":"<p>Support \u00e0 Trottinette<\/p>\n<p>Con\u00e7u pour optimiser le rangement dans les espaces publics ou priv\u00e9s. Fabriqu\u00e9 en acier zingu\u00e9 et peint \u00e0 la poudre de poyester gris argent (en noir possible) pour une durabilit\u00e9 maximale et une r\u00e9sistance aux intemp\u00e9ries, il permet de stationner jusqu\u2019\u00e0 9 trottinettes de fa\u00e7on s\u00e9curitaire et organis\u00e9e. Son design simple et efficace facilite l\u2019acc\u00e8s tout en assurant un maintien stable des trottinettes. Id\u00e9al pour les \u00e9coles, commerces, parcs ou entreprises souhaitant offrir une solution de stationnement fiable et esth\u00e9tique.<\/p>","protected":false},"featured_media":32112,"comment_status":"open","ping_status":"closed","template":"","meta":{"_acf_changed":false},"product_brand":[],"product_cat":[142],"product_tag":[145],"class_list":{"0":"post-32110","1":"product","2":"type-product","3":"status-publish","4":"has-post-thumbnail","6":"product_cat-uncategorized","7":"product_tag-vertical-parking-velo-rack","10":"first","11":"instock","12":"taxable","13":"shipping-taxable","14":"product-type-simple"},"acf":[],"jetpack_sharing_enabled":true,"_links":{"self":[{"href":"https:\/\/velorack.ca\/fr\/wp-json\/wp\/v2\/product\/32110","targetHints":{"allow":["GET"]}}],"collection":[{"href":"https:\/\/velorack.ca\/fr\/wp-json\/wp\/v2\/product"}],"about":[{"href":"https:\/\/velorack.ca\/fr\/wp-json\/wp\/v2\/types\/product"}],"replies":[{"embeddable":true,"href":"https:\/\/velorack.ca\/fr\/wp-json\/wp\/v2\/comments?post=32110"}],"wp:featuredmedia":[{"embeddable":true,"href":"https:\/\/velorack.ca\/fr\/wp-json\/wp\/v2\/media\/32112"}],"wp:attachment":[{"href":"https:\/\/velorack.ca\/fr\/wp-json\/wp\/v2\/media?parent=32110"}],"wp:term":[{"taxonomy":"product_brand","embeddable":true,"href":"https:\/\/velorack.ca\/fr\/wp-json\/wp\/v2\/product_brand?post=32110"},{"taxonomy":"product_cat","embeddable":true,"href":"https:\/\/velorack.ca\/fr\/wp-json\/wp\/v2\/product_cat?post=32110"},{"taxonomy":"product_tag","embeddable":true,"href":"https:\/\/velorack.ca\/fr\/wp-json\/wp\/v2\/product_tag?post=32110"}],"curies":[{"name":"wp","href":"https:\/\/api.w.org\/{rel}","templated":true}]}}