{"id":31987,"date":"2022-06-10T14:28:31","date_gmt":"2022-06-10T14:28:31","guid":{"rendered":"https:\/\/velorack.ca\/?post_type=product&#038;p=31987"},"modified":"2026-04-28T17:43:29","modified_gmt":"2026-04-28T17:43:29","slug":"bo-anchor-for-concrete","status":"publish","type":"product","link":"https:\/\/velorack.ca\/fr\/produit\/bo-anchor-for-concrete\/","title":{"rendered":"BO Ancrage pour b\u00e9ton"},"content":{"rendered":"","protected":false},"excerpt":{"rendered":"<p>4 ancrages + accessoires, zinc<\/p>\n<p>Ce kit d&#039;ancrage vous permet d&#039;installer notre mod\u00e8le de porte-v\u00e9los BO sur une surface en b\u00e9ton existante<\/p>\n<p>*<em>BO ne peut \u00eatre install\u00e9 que sur du b\u00e9ton<\/em><\/p>","protected":false},"featured_media":31639,"comment_status":"open","ping_status":"closed","template":"redux-templates_contained","meta":{"_acf_changed":false},"product_brand":[],"product_cat":[142,38],"product_tag":[],"class_list":{"0":"post-31987","1":"product","2":"type-product","3":"status-publish","4":"has-post-thumbnail","6":"product_cat-uncategorized","7":"product_cat-anchors","10":"first","11":"instock","12":"taxable","13":"shipping-taxable","14":"product-type-simple"},"acf":[],"jetpack_sharing_enabled":true,"_links":{"self":[{"href":"https:\/\/velorack.ca\/fr\/wp-json\/wp\/v2\/product\/31987","targetHints":{"allow":["GET"]}}],"collection":[{"href":"https:\/\/velorack.ca\/fr\/wp-json\/wp\/v2\/product"}],"about":[{"href":"https:\/\/velorack.ca\/fr\/wp-json\/wp\/v2\/types\/product"}],"replies":[{"embeddable":true,"href":"https:\/\/velorack.ca\/fr\/wp-json\/wp\/v2\/comments?post=31987"}],"wp:featuredmedia":[{"embeddable":true,"href":"https:\/\/velorack.ca\/fr\/wp-json\/wp\/v2\/media\/31639"}],"wp:attachment":[{"href":"https:\/\/velorack.ca\/fr\/wp-json\/wp\/v2\/media?parent=31987"}],"wp:term":[{"taxonomy":"product_brand","embeddable":true,"href":"https:\/\/velorack.ca\/fr\/wp-json\/wp\/v2\/product_brand?post=31987"},{"taxonomy":"product_cat","embeddable":true,"href":"https:\/\/velorack.ca\/fr\/wp-json\/wp\/v2\/product_cat?post=31987"},{"taxonomy":"product_tag","embeddable":true,"href":"https:\/\/velorack.ca\/fr\/wp-json\/wp\/v2\/product_tag?post=31987"}],"curies":[{"name":"wp","href":"https:\/\/api.w.org\/{rel}","templated":true}]}}