{"id":31889,"date":"2022-06-02T15:23:59","date_gmt":"2022-06-02T15:23:59","guid":{"rendered":"https:\/\/velorack.ca\/?post_type=product&#038;p=31889"},"modified":"2026-03-30T23:36:46","modified_gmt":"2026-03-30T23:36:46","slug":"cp-anchor-for-paving-stone","status":"publish","type":"product","link":"https:\/\/velorack.ca\/fr\/produit\/cp-anchor-for-paving-stone\/","title":{"rendered":"Ancrage CP pour pav\u00e9 uni"},"content":{"rendered":"","protected":false},"excerpt":{"rendered":"<p>4 ancres nylon 10 mm + accessoires, zinc<\/p>\n<p>Ce kit d&#039;ancrage vous permet d&#039;installer n&#039;importe lequel de nos mod\u00e8les CP sur une vari\u00e9t\u00e9 de surfaces de pav\u00e9s diff\u00e9rentes.<\/p>","protected":false},"featured_media":31890,"comment_status":"open","ping_status":"closed","template":"redux-templates_contained","meta":{"_acf_changed":false},"product_brand":[],"product_cat":[142,38],"product_tag":[],"class_list":{"0":"post-31889","1":"product","2":"type-product","3":"status-publish","4":"has-post-thumbnail","6":"product_cat-uncategorized","7":"product_cat-anchors","10":"first","11":"instock","12":"taxable","13":"shipping-taxable","14":"product-type-simple"},"acf":[],"jetpack_sharing_enabled":true,"_links":{"self":[{"href":"https:\/\/velorack.ca\/fr\/wp-json\/wp\/v2\/product\/31889","targetHints":{"allow":["GET"]}}],"collection":[{"href":"https:\/\/velorack.ca\/fr\/wp-json\/wp\/v2\/product"}],"about":[{"href":"https:\/\/velorack.ca\/fr\/wp-json\/wp\/v2\/types\/product"}],"replies":[{"embeddable":true,"href":"https:\/\/velorack.ca\/fr\/wp-json\/wp\/v2\/comments?post=31889"}],"wp:featuredmedia":[{"embeddable":true,"href":"https:\/\/velorack.ca\/fr\/wp-json\/wp\/v2\/media\/31890"}],"wp:attachment":[{"href":"https:\/\/velorack.ca\/fr\/wp-json\/wp\/v2\/media?parent=31889"}],"wp:term":[{"taxonomy":"product_brand","embeddable":true,"href":"https:\/\/velorack.ca\/fr\/wp-json\/wp\/v2\/product_brand?post=31889"},{"taxonomy":"product_cat","embeddable":true,"href":"https:\/\/velorack.ca\/fr\/wp-json\/wp\/v2\/product_cat?post=31889"},{"taxonomy":"product_tag","embeddable":true,"href":"https:\/\/velorack.ca\/fr\/wp-json\/wp\/v2\/product_tag?post=31889"}],"curies":[{"name":"wp","href":"https:\/\/api.w.org\/{rel}","templated":true}]}}