{"id":31642,"date":"2022-04-01T21:44:57","date_gmt":"2022-04-01T21:44:57","guid":{"rendered":"https:\/\/velorack.ca\/?post_type=product&#038;p=31642"},"modified":"2022-06-17T02:51:53","modified_gmt":"2022-06-17T02:51:53","slug":"for-cp-models","status":"publish","type":"product","link":"https:\/\/velorack.ca\/fr\/produit\/for-cp-models\/","title":{"rendered":"Panneau Publicitaire"},"content":{"rendered":"","protected":false},"excerpt":{"rendered":"<p>Fait de la publicit\u00e9 avec vos supports \u00e0 v\u00e9lo<\/p>\n<p>Peut \u00eatre utilis\u00e9 seul ou avec l&#039;un de nos mod\u00e8les CP<\/p>","protected":false},"featured_media":31643,"comment_status":"open","ping_status":"closed","template":"","meta":{"_acf_changed":false},"product_brand":[],"product_cat":[142],"product_tag":[],"class_list":{"0":"post-31642","1":"product","2":"type-product","3":"status-publish","4":"has-post-thumbnail","6":"product_cat-uncategorized","9":"first","10":"instock","11":"taxable","12":"shipping-taxable","13":"product-type-simple"},"acf":[],"jetpack_sharing_enabled":true,"_links":{"self":[{"href":"https:\/\/velorack.ca\/fr\/wp-json\/wp\/v2\/product\/31642","targetHints":{"allow":["GET"]}}],"collection":[{"href":"https:\/\/velorack.ca\/fr\/wp-json\/wp\/v2\/product"}],"about":[{"href":"https:\/\/velorack.ca\/fr\/wp-json\/wp\/v2\/types\/product"}],"replies":[{"embeddable":true,"href":"https:\/\/velorack.ca\/fr\/wp-json\/wp\/v2\/comments?post=31642"}],"wp:featuredmedia":[{"embeddable":true,"href":"https:\/\/velorack.ca\/fr\/wp-json\/wp\/v2\/media\/31643"}],"wp:attachment":[{"href":"https:\/\/velorack.ca\/fr\/wp-json\/wp\/v2\/media?parent=31642"}],"wp:term":[{"taxonomy":"product_brand","embeddable":true,"href":"https:\/\/velorack.ca\/fr\/wp-json\/wp\/v2\/product_brand?post=31642"},{"taxonomy":"product_cat","embeddable":true,"href":"https:\/\/velorack.ca\/fr\/wp-json\/wp\/v2\/product_cat?post=31642"},{"taxonomy":"product_tag","embeddable":true,"href":"https:\/\/velorack.ca\/fr\/wp-json\/wp\/v2\/product_tag?post=31642"}],"curies":[{"name":"wp","href":"https:\/\/api.w.org\/{rel}","templated":true}]}}