{"id":16314,"date":"2020-12-05T08:59:19","date_gmt":"2020-12-05T08:59:19","guid":{"rendered":"https:\/\/wpbingosite.com\/wordpress\/flacio\/?post_type=product&#038;p=16314"},"modified":"2025-11-28T16:51:51","modified_gmt":"2025-11-28T16:51:51","slug":"high-density-bike-rack","status":"publish","type":"product","link":"https:\/\/velorack.ca\/fr\/produit\/high-density-bike-rack\/","title":{"rendered":"CP Support \u00e0 v\u00e9lo haute densit\u00e9"},"content":{"rendered":"","protected":false},"excerpt":{"rendered":"<p>CP-3 (3 places) ou CP-7 (7 places)<\/p>\n<p>Disponible en 3 finitions diff\u00e9rentes : Galvanis\u00e9, poudre de polyester noir ou recouvert de r\u00e9sine de synth\u00e9tique noir<\/p>\n<p>Acompte sur le ciment, l&#039;asphalte, l&#039;herbe, le gravier et plus encore\u00a0!<\/p>","protected":false},"featured_media":32086,"comment_status":"open","ping_status":"closed","template":"","meta":{"_acf_changed":false},"product_brand":[51],"product_cat":[142,86],"product_tag":[77,91],"class_list":{"0":"post-16314","1":"product","2":"type-product","3":"status-publish","4":"has-post-thumbnail","6":"product_brand-brand-4","7":"product_cat-uncategorized","8":"product_cat-low-maintenance","9":"product_tag-hot","10":"product_tag-men","13":"first","14":"instock","15":"taxable","16":"shipping-taxable","17":"product-type-simple"},"acf":[],"jetpack_sharing_enabled":true,"_links":{"self":[{"href":"https:\/\/velorack.ca\/fr\/wp-json\/wp\/v2\/product\/16314","targetHints":{"allow":["GET"]}}],"collection":[{"href":"https:\/\/velorack.ca\/fr\/wp-json\/wp\/v2\/product"}],"about":[{"href":"https:\/\/velorack.ca\/fr\/wp-json\/wp\/v2\/types\/product"}],"replies":[{"embeddable":true,"href":"https:\/\/velorack.ca\/fr\/wp-json\/wp\/v2\/comments?post=16314"}],"wp:featuredmedia":[{"embeddable":true,"href":"https:\/\/velorack.ca\/fr\/wp-json\/wp\/v2\/media\/32086"}],"wp:attachment":[{"href":"https:\/\/velorack.ca\/fr\/wp-json\/wp\/v2\/media?parent=16314"}],"wp:term":[{"taxonomy":"product_brand","embeddable":true,"href":"https:\/\/velorack.ca\/fr\/wp-json\/wp\/v2\/product_brand?post=16314"},{"taxonomy":"product_cat","embeddable":true,"href":"https:\/\/velorack.ca\/fr\/wp-json\/wp\/v2\/product_cat?post=16314"},{"taxonomy":"product_tag","embeddable":true,"href":"https:\/\/velorack.ca\/fr\/wp-json\/wp\/v2\/product_tag?post=16314"}],"curies":[{"name":"wp","href":"https:\/\/api.w.org\/{rel}","templated":true}]}}