{"id":31108,"date":"2022-02-19T16:45:02","date_gmt":"2022-02-19T16:45:02","guid":{"rendered":"https:\/\/velorack.ca\/?page_id=31108"},"modified":"2022-06-15T16:12:18","modified_gmt":"2022-06-15T16:12:18","slug":"achievements","status":"publish","type":"page","link":"https:\/\/velorack.ca\/fr\/achievements\/","title":{"rendered":"R\u00e9alisations"},"content":{"rendered":"<div data-elementor-type=\"wp-page\" data-elementor-id=\"31108\" class=\"elementor elementor-31108\" data-elementor-post-type=\"page\">\n\t\t\t\t\t\t<section class=\"elementor-section elementor-top-section elementor-element elementor-element-be41b91 elementor-section-boxed elementor-section-height-default elementor-section-height-default\" data-id=\"be41b91\" data-element_type=\"section\" data-settings=\"{&quot;background_background&quot;:&quot;classic&quot;}\">\n\t\t\t\t\t\t<div class=\"elementor-container elementor-column-gap-default\">\n\t\t\t\t\t<div class=\"elementor-column elementor-col-100 elementor-top-column elementor-element elementor-element-682fd44\" data-id=\"682fd44\" data-element_type=\"column\" data-settings=\"{&quot;background_background&quot;:&quot;classic&quot;}\">\n\t\t\t<div class=\"elementor-widget-wrap elementor-element-populated\">\n\t\t\t\t\t\t<div class=\"elementor-element elementor-element-1660a78 elementor-widget elementor-widget-heading\" data-id=\"1660a78\" data-element_type=\"widget\" data-widget_type=\"heading.default\">\n\t\t\t\t<div class=\"elementor-widget-container\">\n\t\t\t\t\t<h2 class=\"elementor-heading-title elementor-size-default\">Nos r\u00e9alisations<\/h2>\t\t\t\t<\/div>\n\t\t\t\t<\/div>\n\t\t\t\t<div class=\"elementor-element elementor-element-76eff21 elementor-widget__width-initial elementor-widget elementor-widget-text-editor\" data-id=\"76eff21\" data-element_type=\"widget\" data-widget_type=\"text-editor.default\">\n\t\t\t\t<div class=\"elementor-widget-container\">\n\t\t\t\t\t\t\t\t\t<p>D\u00e9couvrez notre catalogue de produits en constante \u00e9volution<\/p>\t\t\t\t\t\t\t\t<\/div>\n\t\t\t\t<\/div>\n\t\t\t\t\t<\/div>\n\t\t<\/div>\n\t\t\t\t\t<\/div>\n\t\t<\/section>\n\t\t\t\t<section class=\"elementor-section elementor-top-section elementor-element elementor-element-3cdf4bb elementor-section-content-bottom elementor-section-boxed elementor-section-height-default elementor-section-height-default\" data-id=\"3cdf4bb\" data-element_type=\"section\">\n\t\t\t\t\t\t<div class=\"elementor-container elementor-column-gap-default\">\n\t\t\t\t\t<div class=\"elementor-column elementor-col-50 elementor-top-column elementor-element elementor-element-c5d56f5\" data-id=\"c5d56f5\" data-element_type=\"column\">\n\t\t\t<div class=\"elementor-widget-wrap elementor-element-populated\">\n\t\t\t\t\t\t<div class=\"elementor-element elementor-element-ab0ea0d elementor-widget elementor-widget-image\" data-id=\"ab0ea0d\" data-element_type=\"widget\" data-widget_type=\"image.default\">\n\t\t\t\t<div class=\"elementor-widget-container\">\n\t\t\t\t\t\t\t\t\t\t\t\t\t\t\t<img fetchpriority=\"high\" decoding=\"async\" width=\"424\" height=\"640\" src=\"https:\/\/velorack.ca\/wp-content\/uploads\/2022\/06\/Federation-des-caisses-Desjardins.jpeg\" class=\"attachment-full size-full wp-image-32069\" alt=\"\" \/>\t\t\t\t\t\t\t\t\t\t\t\t\t\t\t<\/div>\n\t\t\t\t<\/div>\n\t\t\t\t\t<\/div>\n\t\t<\/div>\n\t\t\t\t<div class=\"elementor-column elementor-col-50 elementor-top-column elementor-element elementor-element-036b3ab\" data-id=\"036b3ab\" data-element_type=\"column\" data-settings=\"{&quot;background_background&quot;:&quot;classic&quot;}\">\n\t\t\t<div class=\"elementor-widget-wrap elementor-element-populated\">\n\t\t\t\t\t\t<section class=\"elementor-section elementor-inner-section elementor-element elementor-element-3ed5fc1 elementor-section-boxed elementor-section-height-default elementor-section-height-default\" data-id=\"3ed5fc1\" data-element_type=\"section\" data-settings=\"{&quot;background_background&quot;:&quot;classic&quot;}\">\n\t\t\t\t\t\t<div class=\"elementor-container elementor-column-gap-default\">\n\t\t\t\t\t<div class=\"elementor-column elementor-col-100 elementor-inner-column elementor-element elementor-element-c22aa4b\" data-id=\"c22aa4b\" data-element_type=\"column\">\n\t\t\t<div class=\"elementor-widget-wrap elementor-element-populated\">\n\t\t\t\t\t\t<div class=\"elementor-element elementor-element-79b1d7e elementor-widget elementor-widget-heading\" data-id=\"79b1d7e\" data-element_type=\"widget\" data-widget_type=\"heading.default\">\n\t\t\t\t<div class=\"elementor-widget-container\">\n\t\t\t\t\t<h2 class=\"elementor-heading-title elementor-size-default\">F\u00e9d\u00e9ration des Caisses Desjardins<\/h2>\t\t\t\t<\/div>\n\t\t\t\t<\/div>\n\t\t\t\t<div class=\"elementor-element elementor-element-59d6f2c elementor-align-left elementor-widget elementor-widget-button\" data-id=\"59d6f2c\" data-element_type=\"widget\" data-widget_type=\"button.default\">\n\t\t\t\t<div class=\"elementor-widget-container\">\n\t\t\t\t\t\t\t\t\t<div class=\"elementor-button-wrapper\">\n\t\t\t\t\t<a class=\"elementor-button elementor-button-link elementor-size-sm\" href=\"\/product\/bollard-bike-rack\/\">\n\t\t\t\t\t\t<span class=\"elementor-button-content-wrapper\">\n\t\t\t\t\t\t\t\t\t<span class=\"elementor-button-text\">PRODUIT CONNEXE<\/span>\n\t\t\t\t\t<\/span>\n\t\t\t\t\t<\/a>\n\t\t\t\t<\/div>\n\t\t\t\t\t\t\t\t<\/div>\n\t\t\t\t<\/div>\n\t\t\t\t\t<\/div>\n\t\t<\/div>\n\t\t\t\t\t<\/div>\n\t\t<\/section>\n\t\t\t\t\t<\/div>\n\t\t<\/div>\n\t\t\t\t\t<\/div>\n\t\t<\/section>\n\t\t\t\t<section class=\"elementor-section elementor-top-section elementor-element elementor-element-e563571 elementor-section-boxed elementor-section-height-default elementor-section-height-default\" data-id=\"e563571\" data-element_type=\"section\" data-settings=\"{&quot;background_background&quot;:&quot;classic&quot;}\">\n\t\t\t\t\t\t\t<div class=\"elementor-background-overlay\"><\/div>\n\t\t\t\t\t\t\t<div class=\"elementor-container elementor-column-gap-default\">\n\t\t\t\t\t<div class=\"elementor-column elementor-col-100 elementor-top-column elementor-element elementor-element-97a2ee3\" data-id=\"97a2ee3\" data-element_type=\"column\">\n\t\t\t<div class=\"elementor-widget-wrap elementor-element-populated\">\n\t\t\t\t\t\t<section class=\"elementor-section elementor-inner-section elementor-element elementor-element-566d642 elementor-section-full_width elementor-section-content-bottom elementor-section-height-default elementor-section-height-default\" data-id=\"566d642\" data-element_type=\"section\">\n\t\t\t\t\t\t<div class=\"elementor-container elementor-column-gap-default\">\n\t\t\t\t\t<div class=\"elementor-column elementor-col-50 elementor-inner-column elementor-element elementor-element-1ccad54\" data-id=\"1ccad54\" data-element_type=\"column\">\n\t\t\t<div class=\"elementor-widget-wrap elementor-element-populated\">\n\t\t\t\t\t\t<div class=\"elementor-element elementor-element-571e52c elementor-widget elementor-widget-image\" data-id=\"571e52c\" data-element_type=\"widget\" data-widget_type=\"image.default\">\n\t\t\t\t<div class=\"elementor-widget-container\">\n\t\t\t\t\t\t\t\t\t\t\t\t\t\t\t<img decoding=\"async\" width=\"65\" height=\"29\" src=\"https:\/\/velorack.ca\/wp-content\/uploads\/2022\/02\/Group-14.png\" class=\"attachment-large size-large wp-image-30831\" alt=\"\" \/>\t\t\t\t\t\t\t\t\t\t\t\t\t\t\t<\/div>\n\t\t\t\t<\/div>\n\t\t\t\t<div class=\"elementor-element elementor-element-f0ce457 elementor-widget elementor-widget-heading\" data-id=\"f0ce457\" data-element_type=\"widget\" data-widget_type=\"heading.default\">\n\t\t\t\t<div class=\"elementor-widget-container\">\n\t\t\t\t\t<h2 class=\"elementor-heading-title elementor-size-default\">Chacun de nos racks a un design et des caract\u00e9ristiques uniques.<\/h2>\t\t\t\t<\/div>\n\t\t\t\t<\/div>\n\t\t\t\t<div class=\"elementor-element elementor-element-e09d54c elementor-widget elementor-widget-text-editor\" data-id=\"e09d54c\" data-element_type=\"widget\" data-widget_type=\"text-editor.default\">\n\t\t\t\t<div class=\"elementor-widget-container\">\n\t\t\t\t\t\t\t\t\t<p>En fonction de ses caract\u00e9ristiques, l&#039;assemblage le plus avantageux est d\u00e9fini pour vous permettre d&#039;obtenir le meilleur produit fini possible.<\/p>\t\t\t\t\t\t\t\t<\/div>\n\t\t\t\t<\/div>\n\t\t\t\t<div class=\"elementor-element elementor-element-a3b83e2 elementor-widget elementor-widget-image\" data-id=\"a3b83e2\" data-element_type=\"widget\" data-widget_type=\"image.default\">\n\t\t\t\t<div class=\"elementor-widget-container\">\n\t\t\t\t\t\t\t\t\t\t\t\t\t\t\t<img decoding=\"async\" width=\"622\" height=\"412\" src=\"https:\/\/velorack.ca\/wp-content\/uploads\/2022\/02\/Image-27.png\" class=\"attachment-large size-large wp-image-31222\" alt=\"\" \/>\t\t\t\t\t\t\t\t\t\t\t\t\t\t\t<\/div>\n\t\t\t\t<\/div>\n\t\t\t\t\t<\/div>\n\t\t<\/div>\n\t\t\t\t<div class=\"elementor-column elementor-col-50 elementor-inner-column elementor-element elementor-element-ad56d9c\" data-id=\"ad56d9c\" data-element_type=\"column\">\n\t\t\t<div class=\"elementor-widget-wrap elementor-element-populated\">\n\t\t\t\t\t\t<div class=\"elementor-element elementor-element-52d0150 elementor-widget elementor-widget-image\" data-id=\"52d0150\" data-element_type=\"widget\" data-widget_type=\"image.default\">\n\t\t\t\t<div class=\"elementor-widget-container\">\n\t\t\t\t\t\t\t\t\t\t\t\t\t\t\t<img loading=\"lazy\" decoding=\"async\" width=\"461\" height=\"695\" src=\"https:\/\/velorack.ca\/wp-content\/uploads\/2022\/02\/Image-28.png\" class=\"attachment-large size-large wp-image-31223\" alt=\"\" \/>\t\t\t\t\t\t\t\t\t\t\t\t\t\t\t<\/div>\n\t\t\t\t<\/div>\n\t\t\t\t\t<\/div>\n\t\t<\/div>\n\t\t\t\t\t<\/div>\n\t\t<\/section>\n\t\t\t\t<section class=\"elementor-section elementor-inner-section elementor-element elementor-element-8e720a8 elementor-section-full_width elementor-section-height-default elementor-section-height-default\" data-id=\"8e720a8\" data-element_type=\"section\">\n\t\t\t\t\t\t<div class=\"elementor-container elementor-column-gap-default\">\n\t\t\t\t\t<div class=\"elementor-column elementor-col-100 elementor-inner-column elementor-element elementor-element-40da599\" data-id=\"40da599\" data-element_type=\"column\">\n\t\t\t<div class=\"elementor-widget-wrap elementor-element-populated\">\n\t\t\t\t\t\t<div class=\"elementor-element elementor-element-073bd55 elementor-widget elementor-widget-image\" data-id=\"073bd55\" data-element_type=\"widget\" data-widget_type=\"image.default\">\n\t\t\t\t<div class=\"elementor-widget-container\">\n\t\t\t\t\t\t\t\t\t\t\t\t\t\t\t<img loading=\"lazy\" decoding=\"async\" width=\"1024\" height=\"768\" src=\"https:\/\/velorack.ca\/wp-content\/uploads\/2022\/06\/Biblio-et-AMT-132-1024x768.jpg\" class=\"attachment-large size-large wp-image-32075\" alt=\"\" \/>\t\t\t\t\t\t\t\t\t\t\t\t\t\t\t<\/div>\n\t\t\t\t<\/div>\n\t\t\t\t\t<\/div>\n\t\t<\/div>\n\t\t\t\t\t<\/div>\n\t\t<\/section>\n\t\t\t\t\t<\/div>\n\t\t<\/div>\n\t\t\t\t\t<\/div>\n\t\t<\/section>\n\t\t\t\t<section class=\"elementor-section elementor-top-section elementor-element elementor-element-44e752d elementor-section-boxed elementor-section-height-default elementor-section-height-default\" data-id=\"44e752d\" data-element_type=\"section\">\n\t\t\t\t\t\t<div class=\"elementor-container elementor-column-gap-default\">\n\t\t\t\t\t<div class=\"elementor-column elementor-col-33 elementor-top-column elementor-element elementor-element-4b98617\" data-id=\"4b98617\" data-element_type=\"column\">\n\t\t\t<div class=\"elementor-widget-wrap elementor-element-populated\">\n\t\t\t\t\t\t<div class=\"elementor-element elementor-element-4fba5ef elementor-widget elementor-widget-image\" data-id=\"4fba5ef\" data-element_type=\"widget\" data-widget_type=\"image.default\">\n\t\t\t\t<div class=\"elementor-widget-container\">\n\t\t\t\t\t\t\t\t\t\t\t\t\t\t\t<img loading=\"lazy\" decoding=\"async\" width=\"304\" height=\"458\" src=\"https:\/\/velorack.ca\/wp-content\/uploads\/2022\/02\/Image-29.png\" class=\"attachment-large size-large wp-image-31247\" alt=\"\" \/>\t\t\t\t\t\t\t\t\t\t\t\t\t\t\t<\/div>\n\t\t\t\t<\/div>\n\t\t\t\t\t<\/div>\n\t\t<\/div>\n\t\t\t\t<div class=\"elementor-column elementor-col-66 elementor-top-column elementor-element elementor-element-7e0b6ae\" data-id=\"7e0b6ae\" data-element_type=\"column\">\n\t\t\t<div class=\"elementor-widget-wrap elementor-element-populated\">\n\t\t\t\t\t\t<div class=\"elementor-element elementor-element-9ddd6bb elementor-widget elementor-widget-text-editor\" data-id=\"9ddd6bb\" data-element_type=\"widget\" data-widget_type=\"text-editor.default\">\n\t\t\t\t<div class=\"elementor-widget-container\">\n\t\t\t\t\t\t\t\t\t<p>Tous les supports \u00e0 v\u00e9los sont modulables pour r\u00e9pondre au nombre de places de stationnement requis. <br \/>Ils sont con\u00e7us pour \u00eatre s\u00e9curitaire pour les utilisateurs, les passants, et pour les v\u00e9los eux-m\u00eames.<\/p>\t\t\t\t\t\t\t\t<\/div>\n\t\t\t\t<\/div>\n\t\t\t\t<div class=\"elementor-element elementor-element-c0dfb92 elementor-widget elementor-widget-image\" data-id=\"c0dfb92\" data-element_type=\"widget\" data-widget_type=\"image.default\">\n\t\t\t\t<div class=\"elementor-widget-container\">\n\t\t\t\t\t\t\t\t\t\t\t\t\t\t\t<img loading=\"lazy\" decoding=\"async\" width=\"780\" height=\"517\" src=\"https:\/\/velorack.ca\/wp-content\/uploads\/2022\/02\/Image-31.png\" class=\"attachment-large size-large wp-image-31248\" alt=\"\" \/>\t\t\t\t\t\t\t\t\t\t\t\t\t\t\t<\/div>\n\t\t\t\t<\/div>\n\t\t\t\t\t<\/div>\n\t\t<\/div>\n\t\t\t\t\t<\/div>\n\t\t<\/section>\n\t\t\t\t<section class=\"elementor-section elementor-top-section elementor-element elementor-element-6d7cf4f elementor-section-boxed elementor-section-height-default elementor-section-height-default\" data-id=\"6d7cf4f\" data-element_type=\"section\" data-settings=\"{&quot;background_background&quot;:&quot;classic&quot;}\">\n\t\t\t\t\t\t<div class=\"elementor-container elementor-column-gap-default\">\n\t\t\t\t\t<div class=\"elementor-column elementor-col-50 elementor-top-column elementor-element elementor-element-3c9f488\" data-id=\"3c9f488\" data-element_type=\"column\">\n\t\t\t<div class=\"elementor-widget-wrap elementor-element-populated\">\n\t\t\t\t\t\t<div class=\"elementor-element elementor-element-9dd1699 elementor-widget elementor-widget-heading\" data-id=\"9dd1699\" data-element_type=\"widget\" data-widget_type=\"heading.default\">\n\t\t\t\t<div class=\"elementor-widget-container\">\n\t\t\t\t\t<h2 class=\"elementor-heading-title elementor-size-default\">Avantages V\u00e9lo-rack<\/h2>\t\t\t\t<\/div>\n\t\t\t\t<\/div>\n\t\t\t\t<div class=\"elementor-element elementor-element-faed70b elementor-widget__width-initial elementor-widget elementor-widget-text-editor\" data-id=\"faed70b\" data-element_type=\"widget\" data-widget_type=\"text-editor.default\">\n\t\t\t\t<div class=\"elementor-widget-container\">\n\t\t\t\t\t\t\t\t\t<p>D\u00e9couvrez ce qui fait de nous et de nos produits les meilleurs sur le march\u00e9 !<\/p>\t\t\t\t\t\t\t\t<\/div>\n\t\t\t\t<\/div>\n\t\t\t\t<div class=\"elementor-element elementor-element-c2739b4 elementor-align-left achievements-all-products elementor-widget elementor-widget-button\" data-id=\"c2739b4\" data-element_type=\"widget\" data-widget_type=\"button.default\">\n\t\t\t\t<div class=\"elementor-widget-container\">\n\t\t\t\t\t\t\t\t\t<div class=\"elementor-button-wrapper\">\n\t\t\t\t\t<a class=\"elementor-button elementor-button-link elementor-size-sm\" href=\"\/our-benefits\/\">\n\t\t\t\t\t\t<span class=\"elementor-button-content-wrapper\">\n\t\t\t\t\t\t\t\t\t<span class=\"elementor-button-text\">NOS AVANTAGES<\/span>\n\t\t\t\t\t<\/span>\n\t\t\t\t\t<\/a>\n\t\t\t\t<\/div>\n\t\t\t\t\t\t\t\t<\/div>\n\t\t\t\t<\/div>\n\t\t\t\t\t<\/div>\n\t\t<\/div>\n\t\t\t\t<div class=\"elementor-column elementor-col-50 elementor-top-column elementor-element elementor-element-792c548\" data-id=\"792c548\" data-element_type=\"column\">\n\t\t\t<div class=\"elementor-widget-wrap elementor-element-populated\">\n\t\t\t\t\t\t<div class=\"elementor-element elementor-element-a270943 elementor-widget elementor-widget-html\" data-id=\"a270943\" data-element_type=\"widget\" data-widget_type=\"html.default\">\n\t\t\t\t<div class=\"elementor-widget-container\">\n\t\t\t\t\t<div class=\"benefits-list\">\r\n\t<div>\r\n\t\t<span>1<\/span>\r\n\t\t<span>Des produits de qualit\u00e9 fabriqu\u00e9s au <br>Quebec, Canada<\/span>\r\n\t<\/div>\r\n\t<div>\r\n\t\t<span>2<\/span>\r\n\t\t<span>Supports a v\u00e9los solides et durables <br>garantie 5 ans<\/span>\r\n\t<\/div>\r\n\t<div>\r\n\t\t<span>3<\/span>\r\n\t\t<span>Diff\u00e9rents mod\u00e8les pour couvrir une <br>gamme compl\u00e8te de besoins<\/span>\r\n\t<\/div>\r\n<\/div>\t\t\t\t<\/div>\n\t\t\t\t<\/div>\n\t\t\t\t\t<\/div>\n\t\t<\/div>\n\t\t\t\t\t<\/div>\n\t\t<\/section>\n\t\t\t\t<\/div>","protected":false},"excerpt":{"rendered":"<p>Nos r\u00e9alisations Explorez notre catalogue de produits en constante \u00e9volution F\u00e9d\u00e9ration des caisses Desjardins PRODUIT CONNEXE Chacun de nos supports poss\u00e8de un design et des caract\u00e9ristiques uniques. En fonction de ses caract\u00e9ristiques, l&#039;assemblage le plus avantageux est d\u00e9fini pour vous permettre d&#039;obtenir le meilleur produit fini possible. Tous les supports \u00e0 v\u00e9los sont modulables pour r\u00e9pondre au nombre requis de [\u2026]<\/p>","protected":false},"author":1,"featured_media":0,"parent":0,"menu_order":0,"comment_status":"closed","ping_status":"closed","template":"","meta":{"_acf_changed":false,"footnotes":""},"class_list":["post-31108","page","type-page","status-publish","hentry"],"acf":[],"jetpack_sharing_enabled":true,"_links":{"self":[{"href":"https:\/\/velorack.ca\/fr\/wp-json\/wp\/v2\/pages\/31108","targetHints":{"allow":["GET"]}}],"collection":[{"href":"https:\/\/velorack.ca\/fr\/wp-json\/wp\/v2\/pages"}],"about":[{"href":"https:\/\/velorack.ca\/fr\/wp-json\/wp\/v2\/types\/page"}],"author":[{"embeddable":true,"href":"https:\/\/velorack.ca\/fr\/wp-json\/wp\/v2\/users\/1"}],"replies":[{"embeddable":true,"href":"https:\/\/velorack.ca\/fr\/wp-json\/wp\/v2\/comments?post=31108"}],"version-history":[{"count":58,"href":"https:\/\/velorack.ca\/fr\/wp-json\/wp\/v2\/pages\/31108\/revisions"}],"predecessor-version":[{"id":32078,"href":"https:\/\/velorack.ca\/fr\/wp-json\/wp\/v2\/pages\/31108\/revisions\/32078"}],"wp:attachment":[{"href":"https:\/\/velorack.ca\/fr\/wp-json\/wp\/v2\/media?parent=31108"}],"curies":[{"name":"wp","href":"https:\/\/api.w.org\/{rel}","templated":true}]}}