{"id":31048,"date":"2022-02-19T15:51:50","date_gmt":"2022-02-19T15:51:50","guid":{"rendered":"https:\/\/velorack.ca\/?page_id=31048"},"modified":"2022-02-23T18:01:05","modified_gmt":"2022-02-23T18:01:05","slug":"our-benefits","status":"publish","type":"page","link":"https:\/\/velorack.ca\/fr\/our-benefits\/","title":{"rendered":"Nos avantages"},"content":{"rendered":"<div data-elementor-type=\"wp-page\" data-elementor-id=\"31048\" class=\"elementor elementor-31048\" data-elementor-post-type=\"page\">\n\t\t\t\t\t\t<section class=\"elementor-section elementor-top-section elementor-element elementor-element-733374b elementor-section-boxed elementor-section-height-default elementor-section-height-default\" data-id=\"733374b\" data-element_type=\"section\" data-settings=\"{&quot;background_background&quot;:&quot;classic&quot;}\">\n\t\t\t\t\t\t<div class=\"elementor-container elementor-column-gap-default\">\n\t\t\t\t\t<div class=\"elementor-column elementor-col-100 elementor-top-column elementor-element elementor-element-0a35034\" data-id=\"0a35034\" data-element_type=\"column\" data-settings=\"{&quot;background_background&quot;:&quot;classic&quot;}\">\n\t\t\t<div class=\"elementor-widget-wrap elementor-element-populated\">\n\t\t\t\t\t\t<div class=\"elementor-element elementor-element-6ca9bcc elementor-widget elementor-widget-heading\" data-id=\"6ca9bcc\" data-element_type=\"widget\" data-widget_type=\"heading.default\">\n\t\t\t\t<div class=\"elementor-widget-container\">\n\t\t\t\t\t<h2 class=\"elementor-heading-title elementor-size-default\">Nos avantages<\/h2>\t\t\t\t<\/div>\n\t\t\t\t<\/div>\n\t\t\t\t<div class=\"elementor-element elementor-element-81a7a33 elementor-widget__width-initial elementor-widget elementor-widget-text-editor\" data-id=\"81a7a33\" data-element_type=\"widget\" data-widget_type=\"text-editor.default\">\n\t\t\t\t<div class=\"elementor-widget-container\">\n\t\t\t\t\t\t\t\t\t<p>D\u00e9couvrez ce qui fait de nous et de nos produits les meilleurs sur le march\u00e9 !<\/p>\t\t\t\t\t\t\t\t<\/div>\n\t\t\t\t<\/div>\n\t\t\t\t\t<\/div>\n\t\t<\/div>\n\t\t\t\t\t<\/div>\n\t\t<\/section>\n\t\t\t\t<section class=\"elementor-section elementor-top-section elementor-element elementor-element-a56a4b3 elementor-section-boxed elementor-section-height-default elementor-section-height-default\" data-id=\"a56a4b3\" data-element_type=\"section\" data-settings=\"{&quot;background_background&quot;:&quot;classic&quot;}\">\n\t\t\t\t\t\t<div class=\"elementor-container elementor-column-gap-default\">\n\t\t\t\t\t<div class=\"elementor-column elementor-col-100 elementor-top-column elementor-element elementor-element-cfc6db6\" data-id=\"cfc6db6\" data-element_type=\"column\" data-settings=\"{&quot;background_background&quot;:&quot;classic&quot;}\">\n\t\t\t<div class=\"elementor-widget-wrap elementor-element-populated\">\n\t\t\t\t\t\t<section class=\"elementor-section elementor-inner-section elementor-element elementor-element-1d1459d elementor-section-full_width elementor-section-height-default elementor-section-height-default\" data-id=\"1d1459d\" data-element_type=\"section\">\n\t\t\t\t\t\t<div class=\"elementor-container elementor-column-gap-default\">\n\t\t\t\t\t<div class=\"elementor-column elementor-col-50 elementor-inner-column elementor-element elementor-element-fed5fab\" data-id=\"fed5fab\" data-element_type=\"column\">\n\t\t\t<div class=\"elementor-widget-wrap elementor-element-populated\">\n\t\t\t\t\t\t<div class=\"elementor-element elementor-element-1e9c267 elementor-widget elementor-widget-heading\" data-id=\"1e9c267\" data-element_type=\"widget\" data-widget_type=\"heading.default\">\n\t\t\t\t<div class=\"elementor-widget-container\">\n\t\t\t\t\t<h2 class=\"elementor-heading-title elementor-size-default\">1<\/h2>\t\t\t\t<\/div>\n\t\t\t\t<\/div>\n\t\t\t\t<div class=\"elementor-element elementor-element-9bfc0d5 elementor-widget elementor-widget-heading\" data-id=\"9bfc0d5\" data-element_type=\"widget\" data-widget_type=\"heading.default\">\n\t\t\t\t<div class=\"elementor-widget-container\">\n\t\t\t\t\t<h2 class=\"elementor-heading-title elementor-size-default\">Des produits de qualit\u00e9 fabriqu\u00e9s au Qu\u00e9bec, Canada<\/h2>\t\t\t\t<\/div>\n\t\t\t\t<\/div>\n\t\t\t\t<div class=\"elementor-element elementor-element-072915d elementor-widget elementor-widget-text-editor\" data-id=\"072915d\" data-element_type=\"widget\" data-widget_type=\"text-editor.default\">\n\t\t\t\t<div class=\"elementor-widget-container\">\n\t\t\t\t\t\t\t\t\t<p>Velo-Rack se sp\u00e9cialise dans la conception et la fabrication de supports \u00e0 v\u00e9los. En faisant toutes les \u00e9tapes de production au Qu\u00e9bec, l&#039;entreprise s&#039;assure de garder le contr\u00f4le sur la qualit\u00e9 de ses produits.<\/p>\t\t\t\t\t\t\t\t<\/div>\n\t\t\t\t<\/div>\n\t\t\t\t\t<\/div>\n\t\t<\/div>\n\t\t\t\t<div class=\"elementor-column elementor-col-50 elementor-inner-column elementor-element elementor-element-14f0bf4\" data-id=\"14f0bf4\" data-element_type=\"column\">\n\t\t\t<div class=\"elementor-widget-wrap elementor-element-populated\">\n\t\t\t\t\t\t<div class=\"elementor-element elementor-element-90c5813 elementor-widget elementor-widget-heading\" data-id=\"90c5813\" data-element_type=\"widget\" data-widget_type=\"heading.default\">\n\t\t\t\t<div class=\"elementor-widget-container\">\n\t\t\t\t\t<h2 class=\"elementor-heading-title elementor-size-default\">2<\/h2>\t\t\t\t<\/div>\n\t\t\t\t<\/div>\n\t\t\t\t<div class=\"elementor-element elementor-element-2599e94 elementor-widget elementor-widget-heading\" data-id=\"2599e94\" data-element_type=\"widget\" data-widget_type=\"heading.default\">\n\t\t\t\t<div class=\"elementor-widget-container\">\n\t\t\t\t\t<h2 class=\"elementor-heading-title elementor-size-default\">Des supports a v\u00e9los solides et durables garantis 5 ans<\/h2>\t\t\t\t<\/div>\n\t\t\t\t<\/div>\n\t\t\t\t<div class=\"elementor-element elementor-element-cfb3faf elementor-widget elementor-widget-text-editor\" data-id=\"cfb3faf\" data-element_type=\"widget\" data-widget_type=\"text-editor.default\">\n\t\t\t\t<div class=\"elementor-widget-container\">\n\t\t\t\t\t\t\t\t\t<p>Les porte-v\u00e9los Velo-Rack sont con\u00e7us pour r\u00e9sister au gel, \u00e0 la d\u00e9coloration et aux chocs, et ils ont une dur\u00e9e de vie moyenne de 10 ans. Ainsi, vos porte-v\u00e9los resteront beaux et fonctionnels pendant de nombreuses ann\u00e9es.<\/p>\t\t\t\t\t\t\t\t<\/div>\n\t\t\t\t<\/div>\n\t\t\t\t\t<\/div>\n\t\t<\/div>\n\t\t\t\t\t<\/div>\n\t\t<\/section>\n\t\t\t\t<section class=\"elementor-section elementor-inner-section elementor-element elementor-element-e3d57c3 elementor-section-full_width elementor-section-height-default elementor-section-height-default\" data-id=\"e3d57c3\" data-element_type=\"section\">\n\t\t\t\t\t\t<div class=\"elementor-container elementor-column-gap-default\">\n\t\t\t\t\t<div class=\"elementor-column elementor-col-50 elementor-inner-column elementor-element elementor-element-54183f9\" data-id=\"54183f9\" data-element_type=\"column\">\n\t\t\t<div class=\"elementor-widget-wrap elementor-element-populated\">\n\t\t\t\t\t\t<div class=\"elementor-element elementor-element-182a475 elementor-widget elementor-widget-heading\" data-id=\"182a475\" data-element_type=\"widget\" data-widget_type=\"heading.default\">\n\t\t\t\t<div class=\"elementor-widget-container\">\n\t\t\t\t\t<h2 class=\"elementor-heading-title elementor-size-default\">3<\/h2>\t\t\t\t<\/div>\n\t\t\t\t<\/div>\n\t\t\t\t<div class=\"elementor-element elementor-element-5ef72e2 elementor-widget elementor-widget-heading\" data-id=\"5ef72e2\" data-element_type=\"widget\" data-widget_type=\"heading.default\">\n\t\t\t\t<div class=\"elementor-widget-container\">\n\t\t\t\t\t<h2 class=\"elementor-heading-title elementor-size-default\">Diff\u00e9rents mod\u00e8les pour couvrir une gamme compl\u00e8te de besoins<\/h2>\t\t\t\t<\/div>\n\t\t\t\t<\/div>\n\t\t\t\t<div class=\"elementor-element elementor-element-c024c6e elementor-widget elementor-widget-text-editor\" data-id=\"c024c6e\" data-element_type=\"widget\" data-widget_type=\"text-editor.default\">\n\t\t\t\t<div class=\"elementor-widget-container\">\n\t\t\t\t\t\t\t\t\t<p>Endroit confin\u00e9, antivol, stationnement sur trottoir, stationnement vertical, etc., nous offrons une vari\u00e9t\u00e9 de solutions pour r\u00e9pondre \u00e0 toutes les situations. Avec Velo-Rack, vous avez la possibilit\u00e9 de choisir le mod\u00e8le qui correspond \u00e0 vos besoins d&#039;utilisation et de s\u00e9curit\u00e9.<\/p>\t\t\t\t\t\t\t\t<\/div>\n\t\t\t\t<\/div>\n\t\t\t\t\t<\/div>\n\t\t<\/div>\n\t\t\t\t<div class=\"elementor-column elementor-col-50 elementor-inner-column elementor-element elementor-element-d37fc4f\" data-id=\"d37fc4f\" data-element_type=\"column\">\n\t\t\t<div class=\"elementor-widget-wrap elementor-element-populated\">\n\t\t\t\t\t\t<div class=\"elementor-element elementor-element-02a9962 elementor-widget elementor-widget-heading\" data-id=\"02a9962\" data-element_type=\"widget\" data-widget_type=\"heading.default\">\n\t\t\t\t<div class=\"elementor-widget-container\">\n\t\t\t\t\t<h2 class=\"elementor-heading-title elementor-size-default\">4<\/h2>\t\t\t\t<\/div>\n\t\t\t\t<\/div>\n\t\t\t\t<div class=\"elementor-element elementor-element-a2adcce elementor-widget elementor-widget-heading\" data-id=\"a2adcce\" data-element_type=\"widget\" data-widget_type=\"heading.default\">\n\t\t\t\t<div class=\"elementor-widget-container\">\n\t\t\t\t\t<h2 class=\"elementor-heading-title elementor-size-default\">Des porte-v\u00e9los faciles \u00e0 installer et \u00e0 retirer<\/h2>\t\t\t\t<\/div>\n\t\t\t\t<\/div>\n\t\t\t\t<div class=\"elementor-element elementor-element-5625e3e elementor-widget elementor-widget-text-editor\" data-id=\"5625e3e\" data-element_type=\"widget\" data-widget_type=\"text-editor.default\">\n\t\t\t\t<div class=\"elementor-widget-container\">\n\t\t\t\t\t\t\t\t\t<p>Gr\u00e2ce \u00e0 l&#039;utilisation d&#039;ancrages femelles, vous pouvez facilement retirer vos porte-v\u00e9los en cas de besoin sans aucune tige sur la surface. De plus, chaque porte-v\u00e9los est livr\u00e9 avec des bouchons en plastique pour prot\u00e9ger les trous d&#039;ancrage de la poussi\u00e8re et des intemp\u00e9ries.<\/p>\t\t\t\t\t\t\t\t<\/div>\n\t\t\t\t<\/div>\n\t\t\t\t\t<\/div>\n\t\t<\/div>\n\t\t\t\t\t<\/div>\n\t\t<\/section>\n\t\t\t\t<section class=\"elementor-section elementor-inner-section elementor-element elementor-element-e0580eb elementor-section-full_width elementor-section-height-default elementor-section-height-default\" data-id=\"e0580eb\" data-element_type=\"section\">\n\t\t\t\t\t\t<div class=\"elementor-container elementor-column-gap-default\">\n\t\t\t\t\t<div class=\"elementor-column elementor-col-50 elementor-inner-column elementor-element elementor-element-afca8d4\" data-id=\"afca8d4\" data-element_type=\"column\">\n\t\t\t<div class=\"elementor-widget-wrap elementor-element-populated\">\n\t\t\t\t\t\t<div class=\"elementor-element elementor-element-72f8c47 elementor-widget elementor-widget-heading\" data-id=\"72f8c47\" data-element_type=\"widget\" data-widget_type=\"heading.default\">\n\t\t\t\t<div class=\"elementor-widget-container\">\n\t\t\t\t\t<h2 class=\"elementor-heading-title elementor-size-default\">5<\/h2>\t\t\t\t<\/div>\n\t\t\t\t<\/div>\n\t\t\t\t<div class=\"elementor-element elementor-element-938e549 elementor-widget elementor-widget-heading\" data-id=\"938e549\" data-element_type=\"widget\" data-widget_type=\"heading.default\">\n\t\t\t\t<div class=\"elementor-widget-container\">\n\t\t\t\t\t<h2 class=\"elementor-heading-title elementor-size-default\">Exp\u00e9dition rapide, partout au Canada<\/h2>\t\t\t\t<\/div>\n\t\t\t\t<\/div>\n\t\t\t\t<div class=\"elementor-element elementor-element-3122a7a elementor-widget elementor-widget-text-editor\" data-id=\"3122a7a\" data-element_type=\"widget\" data-widget_type=\"text-editor.default\">\n\t\t\t\t<div class=\"elementor-widget-container\">\n\t\t\t\t\t\t\t\t\t<p>Parce que nous fabriquons tous nos supports \u00e0 v\u00e9lo au Qu\u00e9bec et maintenons des inventaires importants de chaque mod\u00e8le, vous pouvez profiter d&#039;une livraison rapide, et \u00e9viter les restrictions et les frais administratifs associ\u00e9s aux envois transfrontaliers et internationaux.<\/p>\t\t\t\t\t\t\t\t<\/div>\n\t\t\t\t<\/div>\n\t\t\t\t\t<\/div>\n\t\t<\/div>\n\t\t\t\t<div class=\"elementor-column elementor-col-50 elementor-inner-column elementor-element elementor-element-698fdb9\" data-id=\"698fdb9\" data-element_type=\"column\">\n\t\t\t<div class=\"elementor-widget-wrap elementor-element-populated\">\n\t\t\t\t\t\t<div class=\"elementor-element elementor-element-8ce10ba elementor-widget elementor-widget-heading\" data-id=\"8ce10ba\" data-element_type=\"widget\" data-widget_type=\"heading.default\">\n\t\t\t\t<div class=\"elementor-widget-container\">\n\t\t\t\t\t<h2 class=\"elementor-heading-title elementor-size-default\">6<\/h2>\t\t\t\t<\/div>\n\t\t\t\t<\/div>\n\t\t\t\t<div class=\"elementor-element elementor-element-4dcfcb5 elementor-widget elementor-widget-heading\" data-id=\"4dcfcb5\" data-element_type=\"widget\" data-widget_type=\"heading.default\">\n\t\t\t\t<div class=\"elementor-widget-container\">\n\t\t\t\t\t<h2 class=\"elementor-heading-title elementor-size-default\">Conseils techniques et assistance par des sp\u00e9cialistes<\/h2>\t\t\t\t<\/div>\n\t\t\t\t<\/div>\n\t\t\t\t<div class=\"elementor-element elementor-element-e157344 elementor-widget elementor-widget-text-editor\" data-id=\"e157344\" data-element_type=\"widget\" data-widget_type=\"text-editor.default\">\n\t\t\t\t<div class=\"elementor-widget-container\">\n\t\t\t\t\t\t\t\t\t<p>Nous offrons un support technique complet pour l'am\u00e9nagement et l'installation de vos supports \u00e0 v\u00e9los. \u00c0 partir d'un plan sommaire de votre projet ou d'une photo de l'emplacement de vos futurs supports \u00e0 v\u00e9lo, Velo-Rack vous fait une proposition d'am\u00e9nagement sur mesure qui optimise l'espace disponible tout en s'assurant que les utilisateurs auront suffisamment d'espace pour stationner facilement leur v\u00e9lo. De plus, lors de la livraison, chaque mod\u00e8le de support a v\u00e9los est livr\u00e9 avec une fiche technique du produit et des instructions d'installation d\u00e9taill\u00e9es selon le type de sol.<\/p>\t\t\t\t\t\t\t\t<\/div>\n\t\t\t\t<\/div>\n\t\t\t\t\t<\/div>\n\t\t<\/div>\n\t\t\t\t\t<\/div>\n\t\t<\/section>\n\t\t\t\t\t<\/div>\n\t\t<\/div>\n\t\t\t\t\t<\/div>\n\t\t<\/section>\n\t\t\t\t<section class=\"elementor-section elementor-top-section elementor-element elementor-element-835f1c2 elementor-section-full_width elementor-section-height-min-height elementor-section-height-default elementor-section-items-middle\" data-id=\"835f1c2\" data-element_type=\"section\" data-settings=\"{&quot;background_background&quot;:&quot;classic&quot;}\">\n\t\t\t\t\t\t<div class=\"elementor-container elementor-column-gap-default\">\n\t\t\t\t\t<div class=\"elementor-column elementor-col-100 elementor-top-column elementor-element elementor-element-a202761\" data-id=\"a202761\" data-element_type=\"column\">\n\t\t\t<div class=\"elementor-widget-wrap\">\n\t\t\t\t\t\t\t<\/div>\n\t\t<\/div>\n\t\t\t\t\t<\/div>\n\t\t<\/section>\n\t\t\t\t<\/div>","protected":false},"excerpt":{"rendered":"<p>Nos avantages D\u00e9couvrez ce qui fait de nous et de nos produits les meilleurs sur le march\u00e9 ! 1 Des produits de qualit\u00e9 fabriqu\u00e9s au Qu\u00e9bec, Canada Velo-Rack se sp\u00e9cialise dans la conception et la fabrication de supports \u00e0 v\u00e9lo. En faisant toutes les \u00e9tapes de production au Qu\u00e9bec, l&#039;entreprise s&#039;assure de garder le contr\u00f4le sur la qualit\u00e9 de ses produits. 2 V\u00e9lo robuste et durable [\u2026]<\/p>","protected":false},"author":1,"featured_media":0,"parent":0,"menu_order":0,"comment_status":"closed","ping_status":"closed","template":"","meta":{"_acf_changed":false,"footnotes":""},"class_list":["post-31048","page","type-page","status-publish","hentry"],"acf":[],"jetpack_sharing_enabled":true,"_links":{"self":[{"href":"https:\/\/velorack.ca\/fr\/wp-json\/wp\/v2\/pages\/31048","targetHints":{"allow":["GET"]}}],"collection":[{"href":"https:\/\/velorack.ca\/fr\/wp-json\/wp\/v2\/pages"}],"about":[{"href":"https:\/\/velorack.ca\/fr\/wp-json\/wp\/v2\/types\/page"}],"author":[{"embeddable":true,"href":"https:\/\/velorack.ca\/fr\/wp-json\/wp\/v2\/users\/1"}],"replies":[{"embeddable":true,"href":"https:\/\/velorack.ca\/fr\/wp-json\/wp\/v2\/comments?post=31048"}],"version-history":[{"count":61,"href":"https:\/\/velorack.ca\/fr\/wp-json\/wp\/v2\/pages\/31048\/revisions"}],"predecessor-version":[{"id":31485,"href":"https:\/\/velorack.ca\/fr\/wp-json\/wp\/v2\/pages\/31048\/revisions\/31485"}],"wp:attachment":[{"href":"https:\/\/velorack.ca\/fr\/wp-json\/wp\/v2\/media?parent=31048"}],"curies":[{"name":"wp","href":"https:\/\/api.w.org\/{rel}","templated":true}]}}