{"id":32207,"date":"2026-03-26T13:53:06","date_gmt":"2026-03-26T13:53:06","guid":{"rendered":"https:\/\/velorack.ca\/?post_type=product&#038;p=32207"},"modified":"2026-04-28T15:36:22","modified_gmt":"2026-04-28T15:36:22","slug":"vr-atma","status":"publish","type":"product","link":"https:\/\/velorack.ca\/en\/product\/vr-atma\/","title":{"rendered":"VR-ATMA"},"content":{"rendered":"","protected":false},"excerpt":{"rendered":"<p>Removable handle type wall mount<\/p>\n<p>Support mural pour v\u00e9lo amovible, id\u00e9al pour un rangement flexible et efficace. Con\u00e7u en acier robuste, il offre un point d\u2019ancrage s\u00e9curitaire tout en permettant de retirer ou repositionner facilement le support selon vos besoins. Son design compact et durable convient parfaitement aux espaces r\u00e9sidentiels ou commerciaux. Une solution pratique, solide et abordable pour stationner un v\u00e9lo en toute simplicit\u00e9.<\/p>\n","protected":false},"featured_media":32226,"comment_status":"closed","ping_status":"closed","template":"","meta":{"_acf_changed":false},"product_brand":[],"product_cat":[142],"product_tag":[],"class_list":{"0":"post-32207","1":"product","2":"type-product","3":"status-publish","4":"has-post-thumbnail","6":"product_cat-uncategorized","9":"first","10":"instock","11":"taxable","12":"shipping-taxable","13":"product-type-simple"},"acf":[],"jetpack_sharing_enabled":true,"_links":{"self":[{"href":"https:\/\/velorack.ca\/en\/wp-json\/wp\/v2\/product\/32207","targetHints":{"allow":["GET"]}}],"collection":[{"href":"https:\/\/velorack.ca\/en\/wp-json\/wp\/v2\/product"}],"about":[{"href":"https:\/\/velorack.ca\/en\/wp-json\/wp\/v2\/types\/product"}],"replies":[{"embeddable":true,"href":"https:\/\/velorack.ca\/en\/wp-json\/wp\/v2\/comments?post=32207"}],"wp:featuredmedia":[{"embeddable":true,"href":"https:\/\/velorack.ca\/en\/wp-json\/wp\/v2\/media\/32226"}],"wp:attachment":[{"href":"https:\/\/velorack.ca\/en\/wp-json\/wp\/v2\/media?parent=32207"}],"wp:term":[{"taxonomy":"product_brand","embeddable":true,"href":"https:\/\/velorack.ca\/en\/wp-json\/wp\/v2\/product_brand?post=32207"},{"taxonomy":"product_cat","embeddable":true,"href":"https:\/\/velorack.ca\/en\/wp-json\/wp\/v2\/product_cat?post=32207"},{"taxonomy":"product_tag","embeddable":true,"href":"https:\/\/velorack.ca\/en\/wp-json\/wp\/v2\/product_tag?post=32207"}],"curies":[{"name":"wp","href":"https:\/\/api.w.org\/{rel}","templated":true}]}}