{"id":32197,"date":"2026-03-26T13:22:52","date_gmt":"2026-03-26T13:22:52","guid":{"rendered":"https:\/\/velorack.ca\/?post_type=product&#038;p=32197"},"modified":"2026-04-29T16:45:03","modified_gmt":"2026-04-29T16:45:03","slug":"vr-hrep-2","status":"publish","type":"product","link":"https:\/\/velorack.ca\/en\/product\/vr-hrep-2\/","title":{"rendered":"VR-HREP-2"},"content":{"rendered":"","protected":false},"excerpt":{"rendered":"<p>Wall-mounted 2-bike rack<\/p>\n<p>Optimisez votre espace avec notre support \u00e0 v\u00e9lo mural polyvalent, con\u00e7u pour accueillir un ou deux v\u00e9los en toute s\u00e9curit\u00e9. Fabriqu\u00e9 en acier galvanis\u00e9, il offre une excellente stabilit\u00e9 et une grande durabilit\u00e9, m\u00eame pour un usage quotidien. Son design ing\u00e9nieux permet un rangement pratique et accessible, tout en prot\u00e9geant vos v\u00e9los gr\u00e2ce \u00e0 ses embouts s\u00e9curis\u00e9s. Id\u00e9al pour les garages, ateliers ou espaces commerciaux, ce support est la solution parfaite pour un rangement efficace, compact et professionnel.<\/p>\n","protected":false},"featured_media":32198,"comment_status":"closed","ping_status":"closed","template":"","meta":{"_acf_changed":false},"product_brand":[],"product_cat":[142],"product_tag":[],"class_list":{"0":"post-32197","1":"product","2":"type-product","3":"status-publish","4":"has-post-thumbnail","6":"product_cat-uncategorized","9":"first","10":"instock","11":"taxable","12":"shipping-taxable","13":"product-type-simple"},"acf":[],"jetpack_sharing_enabled":true,"_links":{"self":[{"href":"https:\/\/velorack.ca\/en\/wp-json\/wp\/v2\/product\/32197","targetHints":{"allow":["GET"]}}],"collection":[{"href":"https:\/\/velorack.ca\/en\/wp-json\/wp\/v2\/product"}],"about":[{"href":"https:\/\/velorack.ca\/en\/wp-json\/wp\/v2\/types\/product"}],"replies":[{"embeddable":true,"href":"https:\/\/velorack.ca\/en\/wp-json\/wp\/v2\/comments?post=32197"}],"wp:featuredmedia":[{"embeddable":true,"href":"https:\/\/velorack.ca\/en\/wp-json\/wp\/v2\/media\/32198"}],"wp:attachment":[{"href":"https:\/\/velorack.ca\/en\/wp-json\/wp\/v2\/media?parent=32197"}],"wp:term":[{"taxonomy":"product_brand","embeddable":true,"href":"https:\/\/velorack.ca\/en\/wp-json\/wp\/v2\/product_brand?post=32197"},{"taxonomy":"product_cat","embeddable":true,"href":"https:\/\/velorack.ca\/en\/wp-json\/wp\/v2\/product_cat?post=32197"},{"taxonomy":"product_tag","embeddable":true,"href":"https:\/\/velorack.ca\/en\/wp-json\/wp\/v2\/product_tag?post=32197"}],"curies":[{"name":"wp","href":"https:\/\/api.w.org\/{rel}","templated":true}]}}