{"id":32187,"date":"2026-03-25T20:07:58","date_gmt":"2026-03-25T20:07:58","guid":{"rendered":"https:\/\/velorack.ca\/?post_type=product&#038;p=32187"},"modified":"2026-04-29T17:01:40","modified_gmt":"2026-04-29T17:01:40","slug":"vr-atmr","status":"publish","type":"product","link":"https:\/\/velorack.ca\/en\/product\/vr-atmr\/","title":{"rendered":"VR-ATMR"},"content":{"rendered":"","protected":false},"excerpt":{"rendered":"<p>Handle-type wall mount<\/p>\n<p>Support mural pour v\u00e9lo, con\u00e7u pour offrir une solution de rangement simple, solide et peu encombrante. Fabriqu\u00e9 avec des mat\u00e9riaux de qualit\u00e9-acier zingu\u00e9 et peint \u00e0 la poudre de poyester gris argent (en noir possible), il assure un maintien s\u00e9curitaire pour un v\u00e9lo tout en maximisant l\u2019espace au sol. Son design discret s\u2019int\u00e8gre facilement \u00e0 tout type d\u2019environnement, que ce soit \u00e0 la maison, dans un garage ou un commerce. Offert \u00e0 un prix abordable, il repr\u00e9sente un excellent choix pour un rangement pratique et durable.<\/p>\n","protected":false},"featured_media":32228,"comment_status":"closed","ping_status":"closed","template":"","meta":{"_acf_changed":false},"product_brand":[],"product_cat":[142],"product_tag":[],"class_list":{"0":"post-32187","1":"product","2":"type-product","3":"status-publish","4":"has-post-thumbnail","6":"product_cat-uncategorized","9":"first","10":"instock","11":"taxable","12":"shipping-taxable","13":"product-type-simple"},"acf":[],"jetpack_sharing_enabled":true,"_links":{"self":[{"href":"https:\/\/velorack.ca\/en\/wp-json\/wp\/v2\/product\/32187","targetHints":{"allow":["GET"]}}],"collection":[{"href":"https:\/\/velorack.ca\/en\/wp-json\/wp\/v2\/product"}],"about":[{"href":"https:\/\/velorack.ca\/en\/wp-json\/wp\/v2\/types\/product"}],"replies":[{"embeddable":true,"href":"https:\/\/velorack.ca\/en\/wp-json\/wp\/v2\/comments?post=32187"}],"wp:featuredmedia":[{"embeddable":true,"href":"https:\/\/velorack.ca\/en\/wp-json\/wp\/v2\/media\/32228"}],"wp:attachment":[{"href":"https:\/\/velorack.ca\/en\/wp-json\/wp\/v2\/media?parent=32187"}],"wp:term":[{"taxonomy":"product_brand","embeddable":true,"href":"https:\/\/velorack.ca\/en\/wp-json\/wp\/v2\/product_brand?post=32187"},{"taxonomy":"product_cat","embeddable":true,"href":"https:\/\/velorack.ca\/en\/wp-json\/wp\/v2\/product_cat?post=32187"},{"taxonomy":"product_tag","embeddable":true,"href":"https:\/\/velorack.ca\/en\/wp-json\/wp\/v2\/product_tag?post=32187"}],"curies":[{"name":"wp","href":"https:\/\/api.w.org\/{rel}","templated":true}]}}